{"id":923,"date":"2017-05-24T03:26:11","date_gmt":"2017-05-24T01:26:11","guid":{"rendered":"https:\/\/www.kostistansky.com\/home\/?page_id=923"},"modified":"2021-02-06T16:24:18","modified_gmt":"2021-02-06T15:24:18","slug":"preise-hochzeiten","status":"publish","type":"page","link":"https:\/\/www.kostistansky.com\/home\/?page_id=923","title":{"rendered":"Preise Hochzeitsfotografie"},"content":{"rendered":"<pre><strong><span style=\"text-decoration: underline;\">BASISPAKET 1<\/span><\/strong>: \u20ac 390,--, ca.100 Fotos in hoher Aufl\u00f6sung, entwickelt, bearbeitet und in Druckqualit\u00e4t, inkludiert ist 2 Stunden fotografieren.\r\n\r\n<strong><span style=\"text-decoration: underline;\">BASISPAKET 2<\/span><\/strong>: \u20ac 760,-- die fotografische Begleitung startet bei der Trauung, geht weiter bei der Agape, den Gruppenfotos (Brautpaar, Familienfotos und Gruppenfotos) und bei der anschliessenden Feier entstehen weitere tolle Fotos von Tafel, Torte, etc. \r\n<strong>4 Stunden fotografieren<\/strong> ist inkludiert\r\nca.<strong>200 Fotos<\/strong> in hoher Aufl\u00f6sung, entwickelt, bearbeitet und in Druckqualit\u00e4t\r\n<strong>Anreise<\/strong> (bis 50km ab Stadtgrenze Wien)\r\n<strong>Probeshooting<\/strong> einige Wochen vor dem eigentlichen Termin (idealerweise bei der Hochzeitslocation)<\/pre>\n<pre><strong><span style=\"text-decoration: underline;\">BASISPAKET 3<\/span><\/strong>: \u20ac 1.440,--. Ich bin den ganzen Tag an eurer Seite und begleite euch bei der Trauung, der Agape und den Gruppenfotos (Brautpaar, Familienfotos und Gruppenfotos). Danach gehts ab zur anschliessenden Feier an einem Ort eurer Wahl. Auch hier halte ich f\u00fcr euch das Geschehen bei der Hochzeitsafel mit Anschneiden der Hochzeitstorte, gem\u00fctlichem Beisammensein, lustigem Tanz usw. und Fotos der Hochzeitsgesellschaft zur fotografischen Nachlese fest.\r\n<strong>8 Stunden fotografieren<\/strong> ist inkludiert\r\nca.<strong>400 Fotos<\/strong> in hoher Aufl\u00f6sung, entwickelt, bearbeitet und in Druckqualit\u00e4t\r\n<strong>Anreise<\/strong> (bis 50km ab Stadtgrenze Wien)\r\n<strong>Probeshooting<\/strong> einige Wochen vor dem eigentlichen Termin, idealerweise bei der Hochzeitslocation.<\/pre>\n<pre><span style=\"text-decoration: underline;\"><strong>Zusatzstunden wahlweise<\/strong><\/span>: auf Wunsch sind Verl\u00e4ngerungsstunden jederzeit extra zubuchbar. Je angefangener Stunde betr\u00e4gt der Preis \u20ac 70,--. \r\n\r\n<span style=\"text-decoration: underline;\"><strong>Anfahrtskosten<\/strong><\/span>: Ab 50 km von Wien (Stadtgrenze) k\u00f6nnen Kosten f\u00fcr die Anreise zur Location anfallen. Verrechnung nach Absprache. \r\n\r\n\u00dcbernachtungskosten aufgrund notwendiger, fr\u00fcher Anreise und sp\u00e4terer Abreise sind nicht im Preis inkludiert. \r\n\r\n<strong>Ausgesuchte Vorabfotos<\/strong> erhaltet Ihr bereits wenige Tage nach dem Hochzeitstermin zur Ansicht, um Euch und eure G\u00e4ste nicht lange auf die Folter zu spannen. F\u00fcr alle weiteren Fotos k\u00f6nnt Ihr euch auf eine \u00dcbergabe nach euren Flitterwochen freuen ....... denn Vorfreude ist bekanntlich die sch\u00f6nste Freude. \r\n\r\n<strong>Die fertig entwickelten Fotos<\/strong> \u00fcbergebe ich in digitaler Form im jpeg-Format auf einem Datentr\u00e4ger (z.B. CD, USB-Stick) und stelle diese ebenfalls via \"dropbox\" od. \"wetransfer\" zur Verf\u00fcgung (\u00dcbermittlung per Download). Im Preis enthalten ist immer das Fotografieren, das Entwickeln (\"Nachbearbeiten\") und die \u00dcbergabe der fertigen Fotos. Alle Fotos erhaltet Ihr nat\u00fcrlich ohne weitere Kosten f\u00fcr den privaten Gebrauch. Eine gewerbliche Nutzung kann nur nach Absprache mit mir erfolgen. \r\n\r\nAlle Preise inkl. 20% MWSt.<\/pre>\n","protected":false},"excerpt":{"rendered":"<p>BASISPAKET 1: \u20ac 390,&#8211;, ca.100 Fotos in hoher Aufl\u00f6sung, entwickelt, bearbeitet und in Druckqualit\u00e4t, inkludiert ist 2 Stunden fotografieren. BASISPAKET 2: \u20ac 760,&#8211; die fotografische Begleitung startet bei der Trauung, geht weiter bei der Agape, den Gruppenfotos (Brautpaar, Familienfotos und Gruppenfotos) und bei der anschliessenden Feier entstehen weitere tolle Fotos von Tafel, Torte, etc. 4 [&hellip;]<\/p>\n","protected":false},"author":4,"featured_media":0,"parent":0,"menu_order":0,"comment_status":"closed","ping_status":"closed","template":"","meta":{"ngg_post_thumbnail":0,"footnotes":""},"class_list":["post-923","page","type-page","status-publish","hentry","missing-thumbnail"],"_links":{"self":[{"href":"https:\/\/www.kostistansky.com\/home\/index.php?rest_route=\/wp\/v2\/pages\/923"}],"collection":[{"href":"https:\/\/www.kostistansky.com\/home\/index.php?rest_route=\/wp\/v2\/pages"}],"about":[{"href":"https:\/\/www.kostistansky.com\/home\/index.php?rest_route=\/wp\/v2\/types\/page"}],"author":[{"embeddable":true,"href":"https:\/\/www.kostistansky.com\/home\/index.php?rest_route=\/wp\/v2\/users\/4"}],"replies":[{"embeddable":true,"href":"https:\/\/www.kostistansky.com\/home\/index.php?rest_route=%2Fwp%2Fv2%2Fcomments&post=923"}],"version-history":[{"count":43,"href":"https:\/\/www.kostistansky.com\/home\/index.php?rest_route=\/wp\/v2\/pages\/923\/revisions"}],"predecessor-version":[{"id":1087,"href":"https:\/\/www.kostistansky.com\/home\/index.php?rest_route=\/wp\/v2\/pages\/923\/revisions\/1087"}],"wp:attachment":[{"href":"https:\/\/www.kostistansky.com\/home\/index.php?rest_route=%2Fwp%2Fv2%2Fmedia&parent=923"}],"curies":[{"name":"wp","href":"https:\/\/api.w.org\/{rel}","templated":true}]}}