{"id":918,"date":"2017-05-24T02:15:25","date_gmt":"2017-05-24T00:15:25","guid":{"rendered":"https:\/\/www.kostistansky.com\/home\/?page_id=918"},"modified":"2021-02-06T16:23:57","modified_gmt":"2021-02-06T15:23:57","slug":"hochzeiten","status":"publish","type":"page","link":"https:\/\/www.kostistansky.com\/home\/?page_id=918","title":{"rendered":"Die Hochzeit"},"content":{"rendered":"<p>Ihr seid auf der Suche nach einem Fotografen, der euren &#8222;sch\u00f6nsten Tag&#8220;, an dem Ihr &#8222;JA&#8220; sagt und den Bund f\u00fcr&#8217;s Lebens schliesst, in eindrucksvollen Bildern festh\u00e4lt. Gerne m\u00f6chte ich euch daf\u00fcr meine fotografischen &#8222;Dienste&#8220; anbieten. Ich werde dort dabeisein, wo Ihr es wollt und k\u00f6nnen wir das in einer Vorbesprechung festlegen. F\u00fcr die gesamte Dauer in der Ihr mich gebucht habt, bin ich f\u00fcr euch da und mit voller Konzentration dabei, alle Fotos, die an einem f\u00fcr euch so wichtigen Tag wie diesem, gemacht werden m\u00fcssen, in den Kasten zu bekommen.<\/p>\n<p>Bevor wir etwas fix vereinbaren, k\u00f6nnen wir uns gerne kennenlernen, denn wie so oft im Leben, ist es wichtig, da\u00df die Chemie stimmt, soda\u00df die Fotos wirklich perfekt werden und Ihr zufrieden seid, denn f\u00fcr mich z\u00e4hlt nur das Ergebnis und wenn Ihr zufrieden seid, dann bin ich es auch.<\/p>\n<p>Auf meiner Homepage findet Ihr rechts im Men\u00fc unter dem Punkt HOCHZEITEN weitere Infos und Fotos in Sachen Hochzeitsfotografie. Schreibt mir einfach eure Vorstellungen oder wir besprechen uns telefonisch. Ich bin erreichbar unter Mobile: +43 699 1 952 76 12 oder albert.kosta@gmx.at.<\/p>\n","protected":false},"excerpt":{"rendered":"<p>Ihr seid auf der Suche nach einem Fotografen, der euren &#8222;sch\u00f6nsten Tag&#8220;, an dem Ihr &#8222;JA&#8220; sagt und den Bund f\u00fcr&#8217;s Lebens schliesst, in eindrucksvollen Bildern festh\u00e4lt. Gerne m\u00f6chte ich euch daf\u00fcr meine fotografischen &#8222;Dienste&#8220; anbieten. Ich werde dort dabeisein, wo Ihr es wollt und k\u00f6nnen wir das in einer Vorbesprechung festlegen. F\u00fcr die gesamte [&hellip;]<\/p>\n","protected":false},"author":4,"featured_media":0,"parent":0,"menu_order":0,"comment_status":"closed","ping_status":"closed","template":"","meta":{"ngg_post_thumbnail":0,"footnotes":""},"class_list":["post-918","page","type-page","status-publish","hentry","missing-thumbnail"],"_links":{"self":[{"href":"https:\/\/www.kostistansky.com\/home\/index.php?rest_route=\/wp\/v2\/pages\/918"}],"collection":[{"href":"https:\/\/www.kostistansky.com\/home\/index.php?rest_route=\/wp\/v2\/pages"}],"about":[{"href":"https:\/\/www.kostistansky.com\/home\/index.php?rest_route=\/wp\/v2\/types\/page"}],"author":[{"embeddable":true,"href":"https:\/\/www.kostistansky.com\/home\/index.php?rest_route=\/wp\/v2\/users\/4"}],"replies":[{"embeddable":true,"href":"https:\/\/www.kostistansky.com\/home\/index.php?rest_route=%2Fwp%2Fv2%2Fcomments&post=918"}],"version-history":[{"count":12,"href":"https:\/\/www.kostistansky.com\/home\/index.php?rest_route=\/wp\/v2\/pages\/918\/revisions"}],"predecessor-version":[{"id":1086,"href":"https:\/\/www.kostistansky.com\/home\/index.php?rest_route=\/wp\/v2\/pages\/918\/revisions\/1086"}],"wp:attachment":[{"href":"https:\/\/www.kostistansky.com\/home\/index.php?rest_route=%2Fwp%2Fv2%2Fmedia&parent=918"}],"curies":[{"name":"wp","href":"https:\/\/api.w.org\/{rel}","templated":true}]}}