{"id":11,"date":"2015-05-16T14:15:31","date_gmt":"2015-05-16T12:15:31","guid":{"rendered":"https:\/\/www.kostistansky.com\/home\/?page_id=11"},"modified":"2024-08-23T17:47:40","modified_gmt":"2024-08-23T15:47:40","slug":"ueber-mich","status":"publish","type":"page","link":"https:\/\/www.kostistansky.com\/home\/?page_id=11","title":{"rendered":"Fotograf"},"content":{"rendered":"<p><a href=\"http:\/\/www.fotoshot.at\/wordpress\" target=\"_blank\" rel=\"noopener\"><img loading=\"lazy\" decoding=\"async\" class=\"aligncenter wp-image-19\" src=\"https:\/\/www.kostistansky.com\/home\/wp-content\/uploads\/2015\/05\/Albert-Szene-Wien-e1431788974743.jpg\" alt=\"Albert Szene Wien\" width=\"854\" height=\"348\" srcset=\"https:\/\/www.kostistansky.com\/home\/wp-content\/uploads\/2015\/05\/Albert-Szene-Wien-e1431788974743.jpg 960w, https:\/\/www.kostistansky.com\/home\/wp-content\/uploads\/2015\/05\/Albert-Szene-Wien-e1431788974743-300x122.jpg 300w\" sizes=\"(max-width: 854px) 100vw, 854px\" \/><\/a><strong>Seit 2005 bin ich als Fotograf t\u00e4tig: haupts\u00e4chlich in der Konzert-, Tier- und Reisefotografie. Meine erste Fotoserie enstand im Yellowstone National Park 2005 . Nach einer Universum-Folge im TV \u00fcber die W\u00f6lfe von Yellowstone war mein n\u00e4chster Weg zum Reiseb\u00fcro und ein paar Wochen sp\u00e4ter war ich vor Ort. Im Laufe der Zeit kamen dann Fotoserien von Rockkonzerten und zum Thema Tierschutz hinzu. Der Gro\u00dfteil der Fotoserien vergangener Jahre ist auf www.fotoshot.at zu sehen.<\/strong><\/p>\n<ul>\n<li><span style=\"color: #000000;\">&#8212; div. Workshops, Lehrg\u00e4nge z.d. Themenbereichen Natur, Tiere, Makro, Studiofotografie, Fashion, Portrait, Architektur, Streetphotography &#8230;. bei Hudelist\/Haasmann (2017), Manfred Baumann (2015), Manfred Huszar (2015), Robert Mertens (2014), Gerhard Figl (2013), Alexander M\u00fcller (2013),<\/span><\/li>\n<li><span style=\"color: #000000;\">&#8212; Ver\u00f6ffentlichung in den Pongauer Nachrichten (Peter S\u00dcRTH &#8211; Der Weg der W\u00f6lfe, 2010), CD-Foto der Rockband REVEREND BACKFLASH (CD Every Night, 2013)<br \/>\n<\/span><\/li>\n<li><span style=\"color: #000000;\">&#8212; Bandfotoshooting Mittelalterband FEITEL (2013), Fashionshooting f\u00fcr www.extrasch\u00f6n.at (2014), Architektur f. Fa. Wallner (Schwimmbeckenbau, Ausf\u00fchrung, Planung), (2015)<br \/>\n<\/span><\/li>\n<li><span style=\"color: #000000;\">&#8212; 10\/2013 &#8211; 6\/2014 Studium und Abschluss d. Lehrg\u00e4nge Digitale Fotografie und Fotodesign an der LIK Fotoakademie in Wien usw., usw., &#8230;&#8230;&#8230;. <\/span><\/li>\n<\/ul>\n<p style=\"text-align: center;\"><span style=\"color: #999999;\"><span style=\"color: #000000;\"><strong>Ich bin bei den verschiedensten fotografischen Herausforderungen zuhause, sei es Hochzeits-, Portrait- oder Tiershootings.<\/strong><\/span><br \/>\n<\/span><\/p>\n","protected":false},"excerpt":{"rendered":"<p>Seit 2005 bin ich als Fotograf t\u00e4tig: haupts\u00e4chlich in der Konzert-, Tier- und Reisefotografie. Meine erste Fotoserie enstand im Yellowstone National Park 2005 . Nach einer Universum-Folge im TV \u00fcber die W\u00f6lfe von Yellowstone war mein n\u00e4chster Weg zum Reiseb\u00fcro und ein paar Wochen sp\u00e4ter war ich vor Ort. Im Laufe der Zeit kamen dann [&hellip;]<\/p>\n","protected":false},"author":4,"featured_media":0,"parent":0,"menu_order":0,"comment_status":"closed","ping_status":"closed","template":"","meta":{"ngg_post_thumbnail":0,"footnotes":""},"class_list":["post-11","page","type-page","status-publish","hentry","missing-thumbnail"],"_links":{"self":[{"href":"https:\/\/www.kostistansky.com\/home\/index.php?rest_route=\/wp\/v2\/pages\/11"}],"collection":[{"href":"https:\/\/www.kostistansky.com\/home\/index.php?rest_route=\/wp\/v2\/pages"}],"about":[{"href":"https:\/\/www.kostistansky.com\/home\/index.php?rest_route=\/wp\/v2\/types\/page"}],"author":[{"embeddable":true,"href":"https:\/\/www.kostistansky.com\/home\/index.php?rest_route=\/wp\/v2\/users\/4"}],"replies":[{"embeddable":true,"href":"https:\/\/www.kostistansky.com\/home\/index.php?rest_route=%2Fwp%2Fv2%2Fcomments&post=11"}],"version-history":[{"count":48,"href":"https:\/\/www.kostistansky.com\/home\/index.php?rest_route=\/wp\/v2\/pages\/11\/revisions"}],"predecessor-version":[{"id":1253,"href":"https:\/\/www.kostistansky.com\/home\/index.php?rest_route=\/wp\/v2\/pages\/11\/revisions\/1253"}],"wp:attachment":[{"href":"https:\/\/www.kostistansky.com\/home\/index.php?rest_route=%2Fwp%2Fv2%2Fmedia&parent=11"}],"curies":[{"name":"wp","href":"https:\/\/api.w.org\/{rel}","templated":true}]}}